{"id":64,"date":"2021-10-11T14:19:17","date_gmt":"2021-10-11T14:19:17","guid":{"rendered":"http:\/\/ananda-fuerte.com\/?page_id=64"},"modified":"2022-01-22T11:30:04","modified_gmt":"2022-01-22T11:30:04","slug":"ueber-uns","status":"publish","type":"page","link":"https:\/\/ananda-fuerte.com\/en\/ueber-uns\/","title":{"rendered":"About us"},"content":{"rendered":"\t\t<div data-elementor-type=\"wp-page\" data-elementor-id=\"64\" class=\"elementor elementor-64\">\n\t\t\t\t\t\t<section class=\"elementor-section elementor-top-section elementor-element elementor-element-3626b7a7 elementor-section-boxed elementor-section-height-default elementor-section-height-default\" data-id=\"3626b7a7\" data-element_type=\"section\" data-settings=\"{&quot;background_background&quot;:&quot;gradient&quot;}\">\n\t\t\t\t\t\t<div class=\"elementor-container elementor-column-gap-default\">\n\t\t\t\t\t<div class=\"elementor-column elementor-col-100 elementor-top-column elementor-element elementor-element-7f2dd79c\" data-id=\"7f2dd79c\" data-element_type=\"column\" data-settings=\"{&quot;background_background&quot;:&quot;classic&quot;}\">\n\t\t\t<div class=\"elementor-widget-wrap elementor-element-populated\">\n\t\t\t\t\t\t<div class=\"elementor-element elementor-element-42dba4c elementor-widget elementor-widget-image\" data-id=\"42dba4c\" data-element_type=\"widget\" data-widget_type=\"image.default\">\n\t\t\t\t<div class=\"elementor-widget-container\">\n\t\t\t<style>\/*! elementor - v3.23.0 - 05-08-2024 *\/\n.elementor-widget-image{text-align:center}.elementor-widget-image a{display:inline-block}.elementor-widget-image a img[src$=\".svg\"]{width:48px}.elementor-widget-image img{vertical-align:middle;display:inline-block}<\/style>\t\t\t\t\t\t\t\t\t\t<img fetchpriority=\"high\" decoding=\"async\" width=\"637\" height=\"1024\" src=\"https:\/\/ananda-fuerte.com\/wp-content\/uploads\/PSX_20220116_113032-637x1024.jpg\" class=\"attachment-large size-large wp-image-1641\" alt=\"\" srcset=\"https:\/\/ananda-fuerte.com\/wp-content\/uploads\/PSX_20220116_113032-637x1024.jpg 637w, https:\/\/ananda-fuerte.com\/wp-content\/uploads\/PSX_20220116_113032-187x300.jpg 187w, https:\/\/ananda-fuerte.com\/wp-content\/uploads\/PSX_20220116_113032-768x1235.jpg 768w, https:\/\/ananda-fuerte.com\/wp-content\/uploads\/PSX_20220116_113032-955x1536.jpg 955w, https:\/\/ananda-fuerte.com\/wp-content\/uploads\/PSX_20220116_113032-1274x2048.jpg 1274w, https:\/\/ananda-fuerte.com\/wp-content\/uploads\/PSX_20220116_113032-7x12.jpg 7w, https:\/\/ananda-fuerte.com\/wp-content\/uploads\/PSX_20220116_113032-scaled.jpg 1592w\" sizes=\"(max-width: 637px) 100vw, 637px\" \/>\t\t\t\t\t\t\t\t\t\t\t\t\t<\/div>\n\t\t\t\t<\/div>\n\t\t\t\t\t<\/div>\n\t\t<\/div>\n\t\t\t\t<div class=\"elementor-column elementor-col-100 elementor-top-column elementor-element elementor-element-7929917c\" data-id=\"7929917c\" data-element_type=\"column\" data-settings=\"{&quot;background_background&quot;:&quot;classic&quot;}\">\n\t\t\t<div class=\"elementor-widget-wrap elementor-element-populated\">\n\t\t\t\t\t\t<div class=\"elementor-element elementor-element-6ced095a animated-slow elementor-invisible elementor-widget elementor-widget-heading\" data-id=\"6ced095a\" data-element_type=\"widget\" data-settings=\"{&quot;_animation&quot;:&quot;fadeIn&quot;}\" data-widget_type=\"heading.default\">\n\t\t\t\t<div class=\"elementor-widget-container\">\n\t\t\t<style>\/*! elementor - v3.23.0 - 05-08-2024 *\/\n.elementor-heading-title{padding:0;margin:0;line-height:1}.elementor-widget-heading .elementor-heading-title[class*=elementor-size-]>a{color:inherit;font-size:inherit;line-height:inherit}.elementor-widget-heading .elementor-heading-title.elementor-size-small{font-size:15px}.elementor-widget-heading .elementor-heading-title.elementor-size-medium{font-size:19px}.elementor-widget-heading .elementor-heading-title.elementor-size-large{font-size:29px}.elementor-widget-heading .elementor-heading-title.elementor-size-xl{font-size:39px}.elementor-widget-heading .elementor-heading-title.elementor-size-xxl{font-size:59px}<\/style><h3 class=\"elementor-heading-title elementor-size-xxl\">Zwei Hamburger Ergotherapeuten auf Fuerteventura<\/h3>\t\t<\/div>\n\t\t\t\t<\/div>\n\t\t\t\t<div class=\"elementor-element elementor-element-384e09c8 elementor-invisible elementor-widget elementor-widget-text-editor\" data-id=\"384e09c8\" data-element_type=\"widget\" data-settings=\"{&quot;_animation&quot;:&quot;fadeIn&quot;}\" data-widget_type=\"text-editor.default\">\n\t\t\t\t<div class=\"elementor-widget-container\">\n\t\t\t<style>\/*! elementor - v3.23.0 - 05-08-2024 *\/\n.elementor-widget-text-editor.elementor-drop-cap-view-stacked .elementor-drop-cap{background-color:#69727d;color:#fff}.elementor-widget-text-editor.elementor-drop-cap-view-framed .elementor-drop-cap{color:#69727d;border:3px solid;background-color:transparent}.elementor-widget-text-editor:not(.elementor-drop-cap-view-default) .elementor-drop-cap{margin-top:8px}.elementor-widget-text-editor:not(.elementor-drop-cap-view-default) .elementor-drop-cap-letter{width:1em;height:1em}.elementor-widget-text-editor .elementor-drop-cap{float:left;text-align:center;line-height:1;font-size:50px}.elementor-widget-text-editor .elementor-drop-cap-letter{display:inline-block}<\/style>\t\t\t\t<p>Hallo, <br \/>wir sind Marthe Brand und Leonard Fahland. Schon als Kind war uns klar, dass wir gerne einen Beruf aus\u00fcben m\u00f6chten, in dem wir anderen Menschen helfen k\u00f6nnen. Darum entschieden wir uns Ergotherapeut*in zu werden. Diese Entscheidung haben wir seit dem nicht bereut und viel Freude an unserem Beruf gefunden. Zus\u00e4tzlich zu unserer Ausbildung haben wir den Bachelor of Science in &#8222;Angewandte Therapiewissenschaften&#8220; abgeschlossen, um eine evidenzbasierte Arbeitsweise zu erlernen und diese unseren Klienten anzubieten. Yoga und Meditation haben wir in den letzten Jahren f\u00fcr uns entdeckt und gemerkt, dass es sich hervorragend in unseren therapeutischen Alltag integrieren l\u00e4sst.\u00a0<\/p><p>Unsere Berufserfahrung hat gezeigt, dass das Kombinieren von unterschiedlichen Therapieans\u00e4tzen in Verbindung mit einer evidenzbasierten Arbeit die besten Behandlungsergebnisse erzielt.\u00a0<\/p><p>Mit &#8222;Ananda&#8220; wollen wir mehr Gesundheit und Freude auf einer vielschichtigen Ebene in das Leben unserer Klienten bringen. Dies wollen wir unter der herrlichen Sonne von Fuerteventura verwirklichen.<\/p>\t\t\t\t\t\t<\/div>\n\t\t\t\t<\/div>\n\t\t\t\t\t<\/div>\n\t\t<\/div>\n\t\t\t\t\t<\/div>\n\t\t<\/section>\n\t\t\t\t<section class=\"elementor-section elementor-top-section elementor-element elementor-element-5f424bd5 elementor-section-height-min-height elementor-section-boxed elementor-section-height-default elementor-section-items-middle\" data-id=\"5f424bd5\" data-element_type=\"section\" data-settings=\"{&quot;background_background&quot;:&quot;classic&quot;}\">\n\t\t\t\t\t\t<div class=\"elementor-container elementor-column-gap-default\">\n\t\t\t\t\t<div class=\"elementor-column elementor-col-100 elementor-top-column elementor-element elementor-element-7f7a1846\" data-id=\"7f7a1846\" data-element_type=\"column\">\n\t\t\t<div class=\"elementor-widget-wrap elementor-element-populated\">\n\t\t\t\t\t\t<section class=\"elementor-section elementor-inner-section elementor-element elementor-element-20c03db9 elementor-section-boxed elementor-section-height-default elementor-section-height-default\" data-id=\"20c03db9\" data-element_type=\"section\">\n\t\t\t\t\t\t<div class=\"elementor-container elementor-column-gap-default\">\n\t\t\t\t\t<div class=\"elementor-column elementor-col-50 elementor-inner-column elementor-element elementor-element-15a67384\" data-id=\"15a67384\" data-element_type=\"column\">\n\t\t\t<div class=\"elementor-widget-wrap elementor-element-populated\">\n\t\t\t\t\t\t<div class=\"elementor-element elementor-element-51afd1f elementor-widget elementor-widget-image\" data-id=\"51afd1f\" data-element_type=\"widget\" data-widget_type=\"image.default\">\n\t\t\t\t<div class=\"elementor-widget-container\">\n\t\t\t\t\t\t\t\t\t\t\t\t\t<img decoding=\"async\" width=\"576\" height=\"1024\" src=\"https:\/\/ananda-fuerte.com\/wp-content\/uploads\/PSX_20211113_174948-576x1024.jpg\" class=\"attachment-large size-large wp-image-583\" alt=\"\" srcset=\"https:\/\/ananda-fuerte.com\/wp-content\/uploads\/PSX_20211113_174948-576x1024.jpg 576w, https:\/\/ananda-fuerte.com\/wp-content\/uploads\/PSX_20211113_174948-169x300.jpg 169w, https:\/\/ananda-fuerte.com\/wp-content\/uploads\/PSX_20211113_174948-768x1364.jpg 768w, https:\/\/ananda-fuerte.com\/wp-content\/uploads\/PSX_20211113_174948-865x1536.jpg 865w, https:\/\/ananda-fuerte.com\/wp-content\/uploads\/PSX_20211113_174948-1153x2048.jpg 1153w, https:\/\/ananda-fuerte.com\/wp-content\/uploads\/PSX_20211113_174948-scaled.jpg 1441w\" sizes=\"(max-width: 576px) 100vw, 576px\" \/>\t\t\t\t\t\t\t\t\t\t\t\t\t<\/div>\n\t\t\t\t<\/div>\n\t\t\t\t\t<\/div>\n\t\t<\/div>\n\t\t\t\t<div class=\"elementor-column elementor-col-50 elementor-inner-column elementor-element elementor-element-650b97cd\" data-id=\"650b97cd\" data-element_type=\"column\">\n\t\t\t<div class=\"elementor-widget-wrap elementor-element-populated\">\n\t\t\t\t\t\t<div class=\"elementor-element elementor-element-4272971 elementor-widget elementor-widget-heading\" data-id=\"4272971\" data-element_type=\"widget\" data-widget_type=\"heading.default\">\n\t\t\t\t<div class=\"elementor-widget-container\">\n\t\t\t<h2 class=\"elementor-heading-title elementor-size-default\"><br>Marthe Brand<\/h2>\t\t<\/div>\n\t\t\t\t<\/div>\n\t\t\t\t<div class=\"elementor-element elementor-element-3330038 elementor-widget elementor-widget-text-editor\" data-id=\"3330038\" data-element_type=\"widget\" data-widget_type=\"text-editor.default\">\n\t\t\t\t<div class=\"elementor-widget-container\">\n\t\t\t\t\t\t\t<ul><li>Ergotherapeutin seit: 2018<\/li><li>Bachelor of Science in angewandte Therapiewissenschaften seit: 2020<\/li><li>Fortbildungen in:<ul><li>Power Vinyasa Yoga 200h<\/li><li>Engineering Health: Introduction to Yoga and Physiology\u00a0<\/li><li>Yoga in der Psychiatrie\u00a0<\/li><li>Yoga mit Kinder<\/li><li>Sensorische Integration<\/li><li>&#8222;Familie denken&#8220;<\/li><li>Entwicklungstest 6 Monate bis 6 Jahre (ET 6-6-R)<\/li><li>Mit Schwung ins neue Schuljahr: Mit Schwung zum Erfolg<\/li><li>Fitnesstrainer A und B Lizenz<\/li><li>Personaltrainer<\/li><\/ul><\/li><\/ul>\t\t\t\t\t\t<\/div>\n\t\t\t\t<\/div>\n\t\t\t\t\t<\/div>\n\t\t<\/div>\n\t\t\t\t\t<\/div>\n\t\t<\/section>\n\t\t\t\t\t<\/div>\n\t\t<\/div>\n\t\t\t\t\t<\/div>\n\t\t<\/section>\n\t\t\t\t<section class=\"elementor-section elementor-top-section elementor-element elementor-element-2c91742 elementor-section-boxed elementor-section-height-default elementor-section-height-default\" data-id=\"2c91742\" data-element_type=\"section\">\n\t\t\t\t\t\t<div class=\"elementor-container elementor-column-gap-default\">\n\t\t\t\t\t<div class=\"elementor-column elementor-col-50 elementor-top-column elementor-element elementor-element-4675d72\" data-id=\"4675d72\" data-element_type=\"column\">\n\t\t\t<div class=\"elementor-widget-wrap elementor-element-populated\">\n\t\t\t\t\t\t<div class=\"elementor-element elementor-element-a3324f5 elementor-widget elementor-widget-heading\" data-id=\"a3324f5\" data-element_type=\"widget\" data-widget_type=\"heading.default\">\n\t\t\t\t<div class=\"elementor-widget-container\">\n\t\t\t<h2 class=\"elementor-heading-title elementor-size-default\">Leonard Fahland<\/h2>\t\t<\/div>\n\t\t\t\t<\/div>\n\t\t\t\t<div class=\"elementor-element elementor-element-2522488 elementor-widget elementor-widget-text-editor\" data-id=\"2522488\" data-element_type=\"widget\" data-widget_type=\"text-editor.default\">\n\t\t\t\t<div class=\"elementor-widget-container\">\n\t\t\t\t\t\t\t<ul>\n<li>Ergotherapeut seit 2019<\/li>\n<li>Bachelor of Science in angewandte Therapiewissenschaften seit: 2021<\/li>\n<li>Fortbildungen in:\n<ul>\n<li>Craniosacrale Therapie<\/li>\n<li>Engineering Health: Introduction to Yoga and Physiology<\/li>\n<li>Flossing Therapie<\/li>\n<li>Klassische Massage<\/li>\n<li>Fu\u00dfreflexzonenmassage<\/li>\n<li>Fitnesstrainer A und B Lizens<\/li>\n<li>Personaltrainer<\/li>\n<\/ul>\n<\/li>\n<\/ul>\t\t\t\t\t\t<\/div>\n\t\t\t\t<\/div>\n\t\t\t\t\t<\/div>\n\t\t<\/div>\n\t\t\t\t<div class=\"elementor-column elementor-col-50 elementor-top-column elementor-element elementor-element-7a44a6c\" data-id=\"7a44a6c\" data-element_type=\"column\">\n\t\t\t<div class=\"elementor-widget-wrap elementor-element-populated\">\n\t\t\t\t\t\t<div class=\"elementor-element elementor-element-c3321bc elementor-widget elementor-widget-image\" data-id=\"c3321bc\" data-element_type=\"widget\" data-widget_type=\"image.default\">\n\t\t\t\t<div class=\"elementor-widget-container\">\n\t\t\t\t\t\t\t\t\t\t\t\t\t<img decoding=\"async\" width=\"768\" height=\"1364\" src=\"https:\/\/ananda-fuerte.com\/wp-content\/uploads\/PSX_20211113_175013-768x1364.jpg\" class=\"attachment-medium_large size-medium_large wp-image-584\" alt=\"\" srcset=\"https:\/\/ananda-fuerte.com\/wp-content\/uploads\/PSX_20211113_175013-768x1364.jpg 768w, https:\/\/ananda-fuerte.com\/wp-content\/uploads\/PSX_20211113_175013-169x300.jpg 169w, https:\/\/ananda-fuerte.com\/wp-content\/uploads\/PSX_20211113_175013-576x1024.jpg 576w, https:\/\/ananda-fuerte.com\/wp-content\/uploads\/PSX_20211113_175013-865x1536.jpg 865w, https:\/\/ananda-fuerte.com\/wp-content\/uploads\/PSX_20211113_175013-1153x2048.jpg 1153w, https:\/\/ananda-fuerte.com\/wp-content\/uploads\/PSX_20211113_175013-scaled.jpg 1441w\" sizes=\"(max-width: 768px) 100vw, 768px\" \/>\t\t\t\t\t\t\t\t\t\t\t\t\t<\/div>\n\t\t\t\t<\/div>\n\t\t\t\t\t<\/div>\n\t\t<\/div>\n\t\t\t\t\t<\/div>\n\t\t<\/section>\n\t\t\t\t<\/div>\n\t\t","protected":false},"excerpt":{"rendered":"<p>Zwei Hamburger Ergotherapeuten auf Fuerteventura Hallo, wir sind Marthe Brand und Leonard Fahland. Schon als Kind war uns klar, dass wir gerne einen Beruf aus\u00fcben m\u00f6chten, in dem wir anderen [&hellip;]<\/p>\n","protected":false},"author":1,"featured_media":0,"parent":0,"menu_order":0,"comment_status":"closed","ping_status":"closed","template":"","meta":{"ocean_post_layout":"","ocean_both_sidebars_style":"","ocean_both_sidebars_content_width":0,"ocean_both_sidebars_sidebars_width":0,"ocean_sidebar":"0","ocean_second_sidebar":"0","ocean_disable_margins":"enable","ocean_add_body_class":"","ocean_shortcode_before_top_bar":"","ocean_shortcode_after_top_bar":"","ocean_shortcode_before_header":"","ocean_shortcode_after_header":"","ocean_has_shortcode":"","ocean_shortcode_after_title":"","ocean_shortcode_before_footer_widgets":"","ocean_shortcode_after_footer_widgets":"","ocean_shortcode_before_footer_bottom":"","ocean_shortcode_after_footer_bottom":"","ocean_display_top_bar":"default","ocean_display_header":"default","ocean_header_style":"","ocean_center_header_left_menu":"0","ocean_custom_header_template":"0","ocean_custom_logo":0,"ocean_custom_retina_logo":0,"ocean_custom_logo_max_width":0,"ocean_custom_logo_tablet_max_width":0,"ocean_custom_logo_mobile_max_width":0,"ocean_custom_logo_max_height":0,"ocean_custom_logo_tablet_max_height":0,"ocean_custom_logo_mobile_max_height":0,"ocean_header_custom_menu":"0","ocean_menu_typo_font_family":"0","ocean_menu_typo_font_subset":"","ocean_menu_typo_font_size":0,"ocean_menu_typo_font_size_tablet":0,"ocean_menu_typo_font_size_mobile":0,"ocean_menu_typo_font_size_unit":"px","ocean_menu_typo_font_weight":"","ocean_menu_typo_font_weight_tablet":"","ocean_menu_typo_font_weight_mobile":"","ocean_menu_typo_transform":"","ocean_menu_typo_transform_tablet":"","ocean_menu_typo_transform_mobile":"","ocean_menu_typo_line_height":0,"ocean_menu_typo_line_height_tablet":0,"ocean_menu_typo_line_height_mobile":0,"ocean_menu_typo_line_height_unit":"","ocean_menu_typo_spacing":0,"ocean_menu_typo_spacing_tablet":0,"ocean_menu_typo_spacing_mobile":0,"ocean_menu_typo_spacing_unit":"","ocean_menu_link_color":"","ocean_menu_link_color_hover":"","ocean_menu_link_color_active":"","ocean_menu_link_background":"","ocean_menu_link_hover_background":"","ocean_menu_link_active_background":"","ocean_menu_social_links_bg":"","ocean_menu_social_hover_links_bg":"","ocean_menu_social_links_color":"","ocean_menu_social_hover_links_color":"","ocean_disable_title":"on","ocean_disable_heading":"default","ocean_post_title":"","ocean_post_subheading":"","ocean_post_title_style":"","ocean_post_title_background_color":"","ocean_post_title_background":0,"ocean_post_title_bg_image_position":"","ocean_post_title_bg_image_attachment":"","ocean_post_title_bg_image_repeat":"","ocean_post_title_bg_image_size":"","ocean_post_title_height":0,"ocean_post_title_bg_overlay":0.5,"ocean_post_title_bg_overlay_color":"","ocean_disable_breadcrumbs":"default","ocean_breadcrumbs_color":"","ocean_breadcrumbs_separator_color":"","ocean_breadcrumbs_links_color":"","ocean_breadcrumbs_links_hover_color":"","ocean_display_footer_widgets":"default","ocean_display_footer_bottom":"default","ocean_custom_footer_template":"0"},"yoast_head":"<!-- This site is optimized with the Yoast SEO plugin v21.8.1 - https:\/\/yoast.com\/wordpress\/plugins\/seo\/ -->\n<title>\u00dcber uns - Ananda Ergotherapie und Yoga<\/title>\n<meta name=\"description\" content=\"Hello, we are Marthe Brand and Leonard Fahland. We offer yoga, massage and healthcare services that will help you improve your lifestyle\" \/>\n<meta name=\"robots\" content=\"index, follow, max-snippet:-1, max-image-preview:large, max-video-preview:-1\" \/>\n<link rel=\"canonical\" href=\"https:\/\/ananda-fuerte.com\/en\/ueber-uns\/\" \/>\n<meta property=\"og:locale\" content=\"en_GB\" \/>\n<meta property=\"og:type\" content=\"article\" \/>\n<meta property=\"og:title\" content=\"\u00dcber uns - Ananda Ergotherapie und Yoga\" \/>\n<meta property=\"og:description\" content=\"Hello, we are Marthe Brand and Leonard Fahland. We offer yoga, massage and healthcare services that will help you improve your lifestyle\" \/>\n<meta property=\"og:url\" content=\"https:\/\/ananda-fuerte.com\/en\/ueber-uns\/\" \/>\n<meta property=\"og:site_name\" content=\"Ananda Ergotherapie und Yoga\" \/>\n<meta property=\"article:modified_time\" content=\"2022-01-22T11:30:04+00:00\" \/>\n<meta property=\"og:image\" content=\"http:\/\/ananda-fuerte.com\/wp-content\/uploads\/PSX_20220116_113032-637x1024.jpg\" \/>\n<meta name=\"twitter:card\" content=\"summary_large_image\" \/>\n<meta name=\"twitter:label1\" content=\"Estimated reading time\" \/>\n\t<meta name=\"twitter:data1\" content=\"3 minutes\" \/>\n<script type=\"application\/ld+json\" class=\"yoast-schema-graph\">{\"@context\":\"https:\/\/schema.org\",\"@graph\":[{\"@type\":\"WebPage\",\"@id\":\"https:\/\/ananda-fuerte.com\/ueber-uns\/\",\"url\":\"https:\/\/ananda-fuerte.com\/ueber-uns\/\",\"name\":\"\u00dcber uns - Ananda Ergotherapie und Yoga\",\"isPartOf\":{\"@id\":\"https:\/\/ananda-fuerte.com\/#website\"},\"datePublished\":\"2021-10-11T14:19:17+00:00\",\"dateModified\":\"2022-01-22T11:30:04+00:00\",\"description\":\"Hello, we are Marthe Brand and Leonard Fahland. We offer yoga, massage and healthcare services that will help you improve your lifestyle\",\"breadcrumb\":{\"@id\":\"https:\/\/ananda-fuerte.com\/ueber-uns\/#breadcrumb\"},\"inLanguage\":\"en-GB\",\"potentialAction\":[{\"@type\":\"ReadAction\",\"target\":[\"https:\/\/ananda-fuerte.com\/ueber-uns\/\"]}]},{\"@type\":\"BreadcrumbList\",\"@id\":\"https:\/\/ananda-fuerte.com\/ueber-uns\/#breadcrumb\",\"itemListElement\":[{\"@type\":\"ListItem\",\"position\":1,\"name\":\"Startseite\",\"item\":\"https:\/\/ananda-fuerte.com\/\"},{\"@type\":\"ListItem\",\"position\":2,\"name\":\"\u00dcber uns\"}]},{\"@type\":\"WebSite\",\"@id\":\"https:\/\/ananda-fuerte.com\/#website\",\"url\":\"https:\/\/ananda-fuerte.com\/\",\"name\":\"Ananda Ergotherapie und Yoga\",\"description\":\"Yoga und Ergotherapie auf Fuerteventura\",\"publisher\":{\"@id\":\"https:\/\/ananda-fuerte.com\/#organization\"},\"potentialAction\":[{\"@type\":\"SearchAction\",\"target\":{\"@type\":\"EntryPoint\",\"urlTemplate\":\"https:\/\/ananda-fuerte.com\/?s={search_term_string}\"},\"query-input\":\"required name=search_term_string\"}],\"inLanguage\":\"en-GB\"},{\"@type\":\"Organization\",\"@id\":\"https:\/\/ananda-fuerte.com\/#organization\",\"name\":\"Ananda Ergotherapie und Yoga\",\"url\":\"https:\/\/ananda-fuerte.com\/\",\"logo\":{\"@type\":\"ImageObject\",\"inLanguage\":\"en-GB\",\"@id\":\"https:\/\/ananda-fuerte.com\/#\/schema\/logo\/image\/\",\"url\":\"https:\/\/ananda-fuerte.com\/wp-content\/uploads\/2021\/11\/cropped-20211103_131625_0000.png\",\"contentUrl\":\"https:\/\/ananda-fuerte.com\/wp-content\/uploads\/2021\/11\/cropped-20211103_131625_0000.png\",\"width\":500,\"height\":178,\"caption\":\"Ananda Ergotherapie und Yoga\"},\"image\":{\"@id\":\"https:\/\/ananda-fuerte.com\/#\/schema\/logo\/image\/\"}}]}<\/script>\n<!-- \/ Yoast SEO plugin. -->","yoast_head_json":{"title":"\u00dcber uns - Ananda Ergotherapie und Yoga","description":"Hello, we are Marthe Brand and Leonard Fahland. We offer yoga, massage and healthcare services that will help you improve your lifestyle","robots":{"index":"index","follow":"follow","max-snippet":"max-snippet:-1","max-image-preview":"max-image-preview:large","max-video-preview":"max-video-preview:-1"},"canonical":"https:\/\/ananda-fuerte.com\/en\/ueber-uns\/","og_locale":"en_GB","og_type":"article","og_title":"\u00dcber uns - Ananda Ergotherapie und Yoga","og_description":"Hello, we are Marthe Brand and Leonard Fahland. We offer yoga, massage and healthcare services that will help you improve your lifestyle","og_url":"https:\/\/ananda-fuerte.com\/en\/ueber-uns\/","og_site_name":"Ananda Ergotherapie und Yoga","article_modified_time":"2022-01-22T11:30:04+00:00","og_image":[{"url":"http:\/\/ananda-fuerte.com\/wp-content\/uploads\/PSX_20220116_113032-637x1024.jpg"}],"twitter_card":"summary_large_image","twitter_misc":{"Estimated reading time":"3 minutes"},"schema":{"@context":"https:\/\/schema.org","@graph":[{"@type":"WebPage","@id":"https:\/\/ananda-fuerte.com\/ueber-uns\/","url":"https:\/\/ananda-fuerte.com\/ueber-uns\/","name":"\u00dcber uns - Ananda Ergotherapie und Yoga","isPartOf":{"@id":"https:\/\/ananda-fuerte.com\/#website"},"datePublished":"2021-10-11T14:19:17+00:00","dateModified":"2022-01-22T11:30:04+00:00","description":"Hello, we are Marthe Brand and Leonard Fahland. We offer yoga, massage and healthcare services that will help you improve your lifestyle","breadcrumb":{"@id":"https:\/\/ananda-fuerte.com\/ueber-uns\/#breadcrumb"},"inLanguage":"en-GB","potentialAction":[{"@type":"ReadAction","target":["https:\/\/ananda-fuerte.com\/ueber-uns\/"]}]},{"@type":"BreadcrumbList","@id":"https:\/\/ananda-fuerte.com\/ueber-uns\/#breadcrumb","itemListElement":[{"@type":"ListItem","position":1,"name":"Startseite","item":"https:\/\/ananda-fuerte.com\/"},{"@type":"ListItem","position":2,"name":"\u00dcber uns"}]},{"@type":"WebSite","@id":"https:\/\/ananda-fuerte.com\/#website","url":"https:\/\/ananda-fuerte.com\/","name":"Ananda Ergotherapie und Yoga","description":"Yoga und Ergotherapie auf Fuerteventura","publisher":{"@id":"https:\/\/ananda-fuerte.com\/#organization"},"potentialAction":[{"@type":"SearchAction","target":{"@type":"EntryPoint","urlTemplate":"https:\/\/ananda-fuerte.com\/?s={search_term_string}"},"query-input":"required name=search_term_string"}],"inLanguage":"en-GB"},{"@type":"Organization","@id":"https:\/\/ananda-fuerte.com\/#organization","name":"Ananda Ergotherapie und Yoga","url":"https:\/\/ananda-fuerte.com\/","logo":{"@type":"ImageObject","inLanguage":"en-GB","@id":"https:\/\/ananda-fuerte.com\/#\/schema\/logo\/image\/","url":"https:\/\/ananda-fuerte.com\/wp-content\/uploads\/2021\/11\/cropped-20211103_131625_0000.png","contentUrl":"https:\/\/ananda-fuerte.com\/wp-content\/uploads\/2021\/11\/cropped-20211103_131625_0000.png","width":500,"height":178,"caption":"Ananda Ergotherapie und Yoga"},"image":{"@id":"https:\/\/ananda-fuerte.com\/#\/schema\/logo\/image\/"}}]}},"_links":{"self":[{"href":"https:\/\/ananda-fuerte.com\/en\/wp-json\/wp\/v2\/pages\/64"}],"collection":[{"href":"https:\/\/ananda-fuerte.com\/en\/wp-json\/wp\/v2\/pages"}],"about":[{"href":"https:\/\/ananda-fuerte.com\/en\/wp-json\/wp\/v2\/types\/page"}],"author":[{"embeddable":true,"href":"https:\/\/ananda-fuerte.com\/en\/wp-json\/wp\/v2\/users\/1"}],"replies":[{"embeddable":true,"href":"https:\/\/ananda-fuerte.com\/en\/wp-json\/wp\/v2\/comments?post=64"}],"version-history":[{"count":119,"href":"https:\/\/ananda-fuerte.com\/en\/wp-json\/wp\/v2\/pages\/64\/revisions"}],"predecessor-version":[{"id":1773,"href":"https:\/\/ananda-fuerte.com\/en\/wp-json\/wp\/v2\/pages\/64\/revisions\/1773"}],"wp:attachment":[{"href":"https:\/\/ananda-fuerte.com\/en\/wp-json\/wp\/v2\/media?parent=64"}],"curies":[{"name":"wp","href":"https:\/\/api.w.org\/{rel}","templated":true}]}}